{"id":256,"date":"2017-01-23T19:56:24","date_gmt":"2017-01-23T18:56:24","guid":{"rendered":"https:\/\/www.cenote.org\/?page_id=256\/"},"modified":"2018-08-07T13:30:49","modified_gmt":"2018-08-07T11:30:49","slug":"cenotes-en-mexico","status":"publish","type":"page","link":"https:\/\/www.cenote.org\/es\/cenotes-en-mexico\/","title":{"rendered":"Cenotes en M\u00e9xico"},"content":{"rendered":"<div class=\"pt-cv-wrapper\"><div class=\"pt-cv-view pt-cv-grid pt-cv-colsys pt-cv-same-height\" id=\"pt-cv-view-3c0b98cdd1\"><div data-id=\"pt-cv-page-1\" class=\"pt-cv-page\" data-cvc=\"2\" data-cvct=\"1\" data-cvcm=\"1\"><div class=\"col-md-6 col-sm-12 col-xs-12 pt-cv-content-item pt-cv-1-col\"  data-pid=\"266\"><div class='pt-cv-ifield'><a href=\"https:\/\/www.cenote.org\/es\/cenote-bolonchoojol-cuzama\/\" class=\"_self pt-cv-href-thumbnail pt-cv-thumb-default cvplbd\" target=\"_self\" ><img decoding=\"async\" width=\"810\" height=\"405\" src=\"https:\/\/www.cenote.org\/fotos\/Cenote-Bolonchoojol-810x405.jpg\" class=\"pt-cv-thumbnail img-none skip-lazy \" alt=\"Cenote Bolonchoojol\" data-no-lazy=\"1\" \/><\/a>\n<h4 class=\"pt-cv-title\"><a href=\"https:\/\/www.cenote.org\/es\/cenote-bolonchoojol-cuzama\/\" class=\"_self cvplbd\" target=\"_self\" >Cenote Bolonchoojol en Cuzam\u00e1<\/a><\/h4>\n<div class=\"pt-cv-content\">Cenote Bolonchoojol Junto con otro cenote, el Cenote Bolonchoojol se encuentra fuera del pueblo de Cuzam\u00e1, a unos 50 km de M\u00e9rida. Llegas a los dos cenotes y<\/div>\n<div class=\"pt-cv-meta-fields\"><span class=\"terms\"> <a href='https:\/\/www.cenote.org\/es\/ort\/cuzama-es\/' title='Cuzam\u00e1' class='pt-cv-tax-cuzama-es'>Cuzam\u00e1<\/a>, <a href='https:\/\/www.cenote.org\/es\/ort\/merida-es\/' title='M\u00e9rida' class='pt-cv-tax-merida-es'>M\u00e9rida<\/a><\/span><\/div><\/div><\/div>\n<div class=\"col-md-6 col-sm-12 col-xs-12 pt-cv-content-item pt-cv-1-col\"  data-pid=\"482\"><div class='pt-cv-ifield'><a href=\"https:\/\/www.cenote.org\/es\/cenote-carwash-aktun-ha\/\" class=\"_self pt-cv-href-thumbnail pt-cv-thumb-default cvplbd\" target=\"_self\" ><img decoding=\"async\" width=\"810\" height=\"541\" src=\"https:\/\/www.cenote.org\/fotos\/Cenote-Carwash-Aktun-Ha-810x541.jpg\" class=\"pt-cv-thumbnail img-none skip-lazy \" alt=\"Cenote Carwash Aktun Ha\" data-no-lazy=\"1\" \/><\/a>\n<h4 class=\"pt-cv-title\"><a href=\"https:\/\/www.cenote.org\/es\/cenote-carwash-aktun-ha\/\" class=\"_self cvplbd\" target=\"_self\" >Cenote Carwash Aktun-Ha<\/a><\/h4>\n<div class=\"pt-cv-content\">El Cenote Carwash o Cenote Aktun-Ha est\u00e1 a solo 200 metros del Cenote Zacil-Ha, en la carretera Tulum-Cob\u00e1. El cenote es bastante grande y tambi\u00e9n es ideal para<\/div>\n<div class=\"pt-cv-meta-fields\"><span class=\"terms\"> <a href='https:\/\/www.cenote.org\/es\/ort\/coba-es\/' title='Cob\u00e1' class='pt-cv-tax-coba-es'>Cob\u00e1<\/a>, <a href='https:\/\/www.cenote.org\/es\/ort\/tulum-es\/' title='Tulum' class='pt-cv-tax-tulum-es'>Tulum<\/a><\/span><\/div><\/div><\/div>\n<div class=\"col-md-6 col-sm-12 col-xs-12 pt-cv-content-item pt-cv-1-col\"  data-pid=\"270\"><div class='pt-cv-ifield'><a href=\"https:\/\/www.cenote.org\/es\/cenote-chacsinicche-cuzama\/\" class=\"_self pt-cv-href-thumbnail pt-cv-thumb-default cvplbd\" target=\"_self\" ><img decoding=\"async\" width=\"810\" height=\"405\" src=\"https:\/\/www.cenote.org\/fotos\/Cenote-Chacsinicche-Cuzama-810x405.jpg\" class=\"pt-cv-thumbnail img-none skip-lazy \" alt=\"Cenote Chacsinicche Cuzam\u00e1\" data-no-lazy=\"1\" \/><\/a>\n<h4 class=\"pt-cv-title\"><a href=\"https:\/\/www.cenote.org\/es\/cenote-chacsinicche-cuzama\/\" class=\"_self cvplbd\" target=\"_self\" >Cenote Chacsinicche Cuzam\u00e1<\/a><\/h4>\n<div class=\"pt-cv-content\">El cenote Chacsinicche se encuentra cerca de M\u00e9rida en Yucat\u00e1n. El lugar es muy bonito y hay mas cenotes para nadar y visitar.<\/div>\n<div class=\"pt-cv-meta-fields\"><span class=\"terms\"> <a href='https:\/\/www.cenote.org\/es\/ort\/cuzama-es\/' title='Cuzam\u00e1' class='pt-cv-tax-cuzama-es'>Cuzam\u00e1<\/a>, <a href='https:\/\/www.cenote.org\/es\/ort\/merida-es\/' title='M\u00e9rida' class='pt-cv-tax-merida-es'>M\u00e9rida<\/a><\/span><\/div><\/div><\/div>\n<div class=\"col-md-6 col-sm-12 col-xs-12 pt-cv-content-item pt-cv-1-col\"  data-pid=\"264\"><div class='pt-cv-ifield'><a href=\"https:\/\/www.cenote.org\/es\/cenote-chen-ha\/\" class=\"_self pt-cv-href-thumbnail pt-cv-thumb-default cvplbd\" target=\"_self\" ><img decoding=\"async\" width=\"810\" height=\"405\" src=\"https:\/\/www.cenote.org\/fotos\/Cenote-Chen-Ha-810x405.jpg\" class=\"pt-cv-thumbnail img-none skip-lazy \" alt=\"Cenote Chen Ha\" data-no-lazy=\"1\" \/><\/a>\n<h4 class=\"pt-cv-title\"><a href=\"https:\/\/www.cenote.org\/es\/cenote-chen-ha\/\" class=\"_self cvplbd\" target=\"_self\" >Cenote Chen-Ha<\/a><\/h4>\n<div class=\"pt-cv-content\">El Cenote Chen-Ha o Chenha se encuentra unos 40 kil\u00f3metros al sur de M\u00e9rida en el Estado Yucat\u00e1n. Saliendo del pueblo Chochola en la carretera Campeche-M\u00e9rida 180 est\u00e1<\/div>\n<div class=\"pt-cv-meta-fields\"><span class=\"terms\"> <a href='https:\/\/www.cenote.org\/es\/ort\/chochola-es\/' title='Chochol\u00e1' class='pt-cv-tax-chochola-es'>Chochol\u00e1<\/a>, <a href='https:\/\/www.cenote.org\/es\/ort\/merida-es\/' title='M\u00e9rida' class='pt-cv-tax-merida-es'>M\u00e9rida<\/a><\/span><\/div><\/div><\/div>\n<div class=\"col-md-6 col-sm-12 col-xs-12 pt-cv-content-item pt-cv-1-col\"  data-pid=\"631\"><div class='pt-cv-ifield'><a href=\"https:\/\/www.cenote.org\/es\/cenote-dos-osos-cerca-de-tulum\/\" class=\"_self pt-cv-href-thumbnail pt-cv-thumb-default cvplbd\" target=\"_self\" ><img decoding=\"async\" width=\"810\" height=\"540\" src=\"https:\/\/www.cenote.org\/fotos\/Cenote-Dos-Osos-810x540.jpg\" class=\"pt-cv-thumbnail img-none skip-lazy \" alt=\"El Cenote Dos Osos en el sur de Tulum\" data-no-lazy=\"1\" \/><\/a>\n<h4 class=\"pt-cv-title\"><a href=\"https:\/\/www.cenote.org\/es\/cenote-dos-osos-cerca-de-tulum\/\" class=\"_self cvplbd\" target=\"_self\" >Cenote Dos Osos cerca de Tulum<\/a><\/h4>\n<div class=\"pt-cv-content\">El Cenote Dos Osos o Cenote Zamna se encuentra a unos 7 km al sur del centro de Tulum en la carretera principal 307 Canc\u00fan - Chetumal. No<\/div>\n<div class=\"pt-cv-meta-fields\"><span class=\"terms\"> <a href='https:\/\/www.cenote.org\/es\/ort\/tulum-es\/' title='Tulum' class='pt-cv-tax-tulum-es'>Tulum<\/a><\/span><\/div><\/div><\/div>\n<div class=\"col-md-6 col-sm-12 col-xs-12 pt-cv-content-item pt-cv-1-col\"  data-pid=\"258\"><div class='pt-cv-ifield'><a href=\"https:\/\/www.cenote.org\/es\/cenote-del-corchito\/\" class=\"_self pt-cv-href-thumbnail pt-cv-thumb-default cvplbd\" target=\"_self\" ><img decoding=\"async\" width=\"810\" height=\"538\" src=\"https:\/\/www.cenote.org\/fotos\/Cenote-del-Corchito-810x538.jpg\" class=\"pt-cv-thumbnail img-none skip-lazy \" alt=\"Cenote del Corchito\" data-no-lazy=\"1\" \/><\/a>\n<h4 class=\"pt-cv-title\"><a href=\"https:\/\/www.cenote.org\/es\/cenote-del-corchito\/\" class=\"_self cvplbd\" target=\"_self\" >Cenote el Corchito en los manglares<\/a><\/h4>\n<div class=\"pt-cv-content\">El Cenote del Corchito se encuentra en la Reserva Ecol\u00f3gica El Corchito en los manglares de Progreso cerca de M\u00e9rida. Adem\u00e1s de una vida silvestre impresionate, puedes nadar<\/div>\n<div class=\"pt-cv-meta-fields\"><span class=\"terms\"> <a href='https:\/\/www.cenote.org\/es\/ort\/merida-es\/' title='M\u00e9rida' class='pt-cv-tax-merida-es'>M\u00e9rida<\/a>, <a href='https:\/\/www.cenote.org\/es\/ort\/progreso-es\/' title='Progreso' class='pt-cv-tax-progreso-es'>Progreso<\/a><\/span><\/div><\/div><\/div>\n<div class=\"col-md-6 col-sm-12 col-xs-12 pt-cv-content-item pt-cv-1-col\"  data-pid=\"455\"><div class='pt-cv-ifield'><a href=\"https:\/\/www.cenote.org\/es\/cenote-mucuyche-yaal-utzil-yucatan\/\" class=\"_self pt-cv-href-thumbnail pt-cv-thumb-default cvplbd\" target=\"_self\" ><img decoding=\"async\" width=\"810\" height=\"541\" src=\"https:\/\/www.cenote.org\/fotos\/Cenote-Mucuyche-810x541.jpg\" class=\"pt-cv-thumbnail img-none skip-lazy \" alt=\"Cenote Mucuyche\" data-no-lazy=\"1\" \/><\/a>\n<h4 class=\"pt-cv-title\"><a href=\"https:\/\/www.cenote.org\/es\/cenote-mucuyche-yaal-utzil-yucatan\/\" class=\"_self cvplbd\" target=\"_self\" >Cenote Mucuyche (Yaal Utzil) en Yucat\u00e1n<\/a><\/h4>\n<div class=\"pt-cv-content\">El Cenote Yaal Utzil o Cenote Mucuyche se encuentra aproximadamente 60 kil\u00f3metros al sur de la cuidad M\u00e9rida en Yucat\u00e1n.<\/div>\n<div class=\"pt-cv-meta-fields\"><span class=\"terms\"> <a href='https:\/\/www.cenote.org\/es\/ort\/abala\/' title='Abal\u00e1' class='pt-cv-tax-abala'>Abal\u00e1<\/a>, <a href='https:\/\/www.cenote.org\/es\/ort\/merida-es\/' title='M\u00e9rida' class='pt-cv-tax-merida-es'>M\u00e9rida<\/a><\/span><\/div><\/div><\/div>\n<div class=\"col-md-6 col-sm-12 col-xs-12 pt-cv-content-item pt-cv-1-col\"  data-pid=\"ad-0\"><div class='pt-cv-ifield'><ins class=\"adsbygoogle\"\n     style=\"display:block; text-align:center;\"\n     data-ad-layout=\"in-article\"\n     data-ad-format=\"fluid\"\n     data-ad-client=\"ca-pub-0730572463267591\"\n     data-ad-slot=\"1714617173\"><\/ins><\/div><\/div>\n<div class=\"col-md-6 col-sm-12 col-xs-12 pt-cv-content-item pt-cv-1-col\"  data-pid=\"274\"><div class='pt-cv-ifield'><a href=\"https:\/\/www.cenote.org\/es\/cenote-siete-bocas-riviera-maya\/\" class=\"_self pt-cv-href-thumbnail pt-cv-thumb-default cvplbd\" target=\"_self\" ><img decoding=\"async\" width=\"810\" height=\"405\" src=\"https:\/\/www.cenote.org\/fotos\/Cenote-Siete-Bocas-1-810x405.jpg\" class=\"pt-cv-thumbnail img-none skip-lazy \" alt=\"Cenote Siete Bocas\" data-no-lazy=\"1\" \/><\/a>\n<h4 class=\"pt-cv-title\"><a href=\"https:\/\/www.cenote.org\/es\/cenote-siete-bocas-riviera-maya\/\" class=\"_self cvplbd\" target=\"_self\" >Cenote Siete Bocas en la Riviera Maya<\/a><\/h4>\n<div class=\"pt-cv-content\">El Cenote Siete Bocas se encuentra a unos 20 km de Puerto Morelos en la Ruta de los Cenotes en la Riviera Maya. Esto se puede llegar a<\/div>\n<div class=\"pt-cv-meta-fields\"><span class=\"terms\"> <a href='https:\/\/www.cenote.org\/es\/ort\/cancun-es\/' title='Canc\u00fan' class='pt-cv-tax-cancun-es'>Canc\u00fan<\/a>, <a href='https:\/\/www.cenote.org\/es\/ort\/puerto-morelos-es\/' title='Puerto Morelos' class='pt-cv-tax-puerto-morelos-es'>Puerto Morelos<\/a>, <a href='https:\/\/www.cenote.org\/es\/tipo\/caverna-es\/' title='caverna' class='pt-cv-tax-caverna-es'>caverna<\/a><\/span><\/div><\/div><\/div>\n<div class=\"col-md-6 col-sm-12 col-xs-12 pt-cv-content-item pt-cv-1-col\"  data-pid=\"272\"><div class='pt-cv-ifield'><a href=\"https:\/\/www.cenote.org\/es\/cenote-xlakah-dzibilchaltun\/\" class=\"_self pt-cv-href-thumbnail pt-cv-thumb-default cvplbd\" target=\"_self\" ><img decoding=\"async\" width=\"810\" height=\"405\" src=\"https:\/\/www.cenote.org\/fotos\/Cenote-Dzibilchaltun-Xlakah-810x405.jpg\" class=\"pt-cv-thumbnail img-none skip-lazy \" alt=\"Cenote Xlakah en Dzibilchaltun\" data-no-lazy=\"1\" \/><\/a>\n<h4 class=\"pt-cv-title\"><a href=\"https:\/\/www.cenote.org\/es\/cenote-xlakah-dzibilchaltun\/\" class=\"_self cvplbd\" target=\"_self\" >Cenote Xlakah en Dzibilchaltun cerca de M\u00e9rida, Yucat\u00e1n<\/a><\/h4>\n<div class=\"pt-cv-content\">En el sitio arqueol\u00f3gico de Dzibilchalt\u00fan cerca de M\u00e9rida en el estado de Yucat\u00e1n se encuentra el hermoso Cenote Xlakah. Aqu\u00ed se puede refrescar despu\u00e9s de visitar la<\/div>\n<div class=\"pt-cv-meta-fields\"><span class=\"terms\"> <a href='https:\/\/www.cenote.org\/es\/ort\/dzibilchaltun-es\/' title='Dzibilchalt\u00fan' class='pt-cv-tax-dzibilchaltun-es'>Dzibilchalt\u00fan<\/a>, <a href='https:\/\/www.cenote.org\/es\/ort\/merida-es\/' title='M\u00e9rida' class='pt-cv-tax-merida-es'>M\u00e9rida<\/a><\/span><\/div><\/div><\/div>\n<div class=\"col-md-6 col-sm-12 col-xs-12 pt-cv-content-item pt-cv-1-col\"  data-pid=\"475\"><div class='pt-cv-ifield'><a href=\"https:\/\/www.cenote.org\/es\/cenote-zacil-ha-tulum\/\" class=\"_self pt-cv-href-thumbnail pt-cv-thumb-default cvplbd\" target=\"_self\" ><img decoding=\"async\" width=\"810\" height=\"541\" src=\"https:\/\/www.cenote.org\/fotos\/Cenote-Zacil-Ha-1-810x541.jpg\" class=\"pt-cv-thumbnail img-none skip-lazy \" alt=\"Cenote Zacil Ha\" data-no-lazy=\"1\" \/><\/a>\n<h4 class=\"pt-cv-title\"><a href=\"https:\/\/www.cenote.org\/es\/cenote-zacil-ha-tulum\/\" class=\"_self cvplbd\" target=\"_self\" >Cenote Zacil Ha por Tulum<\/a><\/h4>\n<div class=\"pt-cv-content\">A unos 10 km de Tulum a direcci\u00f3n Cob\u00e1 se encuentra el Cenote Zacil Ha directamente en la carretera principal 109 Tulum-Cob\u00e1. El agua azul turquesa es cristalina<\/div>\n<div class=\"pt-cv-meta-fields\"><span class=\"terms\"> <a href='https:\/\/www.cenote.org\/es\/ort\/coba-es\/' title='Cob\u00e1' class='pt-cv-tax-coba-es'>Cob\u00e1<\/a>, <a href='https:\/\/www.cenote.org\/es\/ort\/tulum-es\/' title='Tulum' class='pt-cv-tax-tulum-es'>Tulum<\/a><\/span><\/div><\/div><\/div>\n<div class=\"col-md-6 col-sm-12 col-xs-12 pt-cv-content-item pt-cv-1-col\"  data-pid=\"262\"><div class='pt-cv-ifield'><a href=\"https:\/\/www.cenote.org\/es\/gran-cenote-tulum\/\" class=\"_self pt-cv-href-thumbnail pt-cv-thumb-default cvplbd\" target=\"_self\" ><img decoding=\"async\" width=\"810\" height=\"538\" src=\"https:\/\/www.cenote.org\/fotos\/Gran-Cenote-Tulum-810x538.jpg\" class=\"pt-cv-thumbnail img-none skip-lazy \" alt=\"Gran Cenote en Tulum\" data-no-lazy=\"1\" \/><\/a>\n<h4 class=\"pt-cv-title\"><a href=\"https:\/\/www.cenote.org\/es\/gran-cenote-tulum\/\" class=\"_self cvplbd\" target=\"_self\" >Gran Cenote en Tulum<\/a><\/h4>\n<div class=\"pt-cv-content\">Gran Cenote cerca de Tulum El Gran Cenote Tulum o Grand Cenote es uno de los cenotes m\u00e1s conocidos y visitados de la Riviera Maya en M\u00e9xico. Las<\/div>\n<div class=\"pt-cv-meta-fields\"><span class=\"terms\"> <a href='https:\/\/www.cenote.org\/es\/ort\/tulum-es\/' title='Tulum' class='pt-cv-tax-tulum-es'>Tulum<\/a><\/span><\/div><\/div><\/div>\n<div class=\"col-md-6 col-sm-12 col-xs-12 pt-cv-content-item pt-cv-1-col\"  data-pid=\"268\"><div class='pt-cv-ifield'><a href=\"https:\/\/www.cenote.org\/es\/gruta-chelentun\/\" class=\"_self pt-cv-href-thumbnail pt-cv-thumb-default cvplbd\" target=\"_self\" ><img decoding=\"async\" width=\"810\" height=\"405\" src=\"https:\/\/www.cenote.org\/fotos\/Gruta-Chelentun-810x405.jpg\" class=\"pt-cv-thumbnail img-none skip-lazy \" alt=\"Gruta Chelentun\" data-no-lazy=\"1\" \/><\/a>\n<h4 class=\"pt-cv-title\"><a href=\"https:\/\/www.cenote.org\/es\/gruta-chelentun\/\" class=\"_self cvplbd\" target=\"_self\" >Gruta Chelent\u00fan<\/a><\/h4>\n<div class=\"pt-cv-content\">La gruta se encuentra juntos con los dos bonitos cenotes\u00a0Cenote Chacsinicche Cuzam\u00e1 y Bolonchoojol cerca del pueblo Cuzam\u00e1.<\/div>\n<div class=\"pt-cv-meta-fields\"><span class=\"terms\"> <a href='https:\/\/www.cenote.org\/es\/ort\/cuzama-es\/' title='Cuzam\u00e1' class='pt-cv-tax-cuzama-es'>Cuzam\u00e1<\/a>, <a href='https:\/\/www.cenote.org\/es\/ort\/merida-es\/' title='M\u00e9rida' class='pt-cv-tax-merida-es'>M\u00e9rida<\/a><\/span><\/div><\/div><\/div>\n<div class=\"col-md-6 col-sm-12 col-xs-12 pt-cv-content-item pt-cv-1-col\"  data-pid=\"636\"><div class='pt-cv-ifield'><a href=\"https:\/\/www.cenote.org\/es\/laguna-kaan-luum-con-cenote-en-el-centro\/\" class=\"_self pt-cv-href-thumbnail pt-cv-thumb-default cvplbd\" target=\"_self\" ><img decoding=\"async\" width=\"810\" height=\"541\" src=\"https:\/\/www.cenote.org\/fotos\/Laguna-Kaan-Luum-810x541.jpg\" class=\"pt-cv-thumbnail img-none skip-lazy \" alt=\"Laguna Kaan Luum con cenote en el centro\" data-no-lazy=\"1\" \/><\/a>\n<h4 class=\"pt-cv-title\"><a href=\"https:\/\/www.cenote.org\/es\/laguna-kaan-luum-con-cenote-en-el-centro\/\" class=\"_self cvplbd\" target=\"_self\" >Laguna Kaan Luum con Cenote en el centro<\/a><\/h4>\n<div class=\"pt-cv-content\">La impresionante Laguna Kaan Luum con un profundo cenote turquesa en el centro se encuentra a unos 10 km al suroeste de Tulum en la carretera principal 307<\/div>\n<div class=\"pt-cv-meta-fields\"><span class=\"terms\"> <a href='https:\/\/www.cenote.org\/es\/ort\/tulum-es\/' title='Tulum' class='pt-cv-tax-tulum-es'>Tulum<\/a><\/span><\/div><\/div><\/div><\/div><\/div><\/div>\t\t\t<style type=\"text\/css\" id=\"pt-cv-inline-style-0a4bb24qwd\">#pt-cv-view-3c0b98cdd1 .pt-cv-title a, #pt-cv-view-3c0b98cdd1  .panel-title { font-family: 'Open Sans', Arial, serif !important; font-size: 18px !important; line-height: 1.3 !important; font-weight: 600 !important; }\n#pt-cv-view-3c0b98cdd1 .pt-cv-content , #pt-cv-view-3c0b98cdd1  .pt-cv-content *:not(.pt-cv-readmore):not(style):not(script) { font-family: 'Open Sans', Arial, serif !important; font-size: 18px !important; line-height: 1.3 !important; }\n#pt-cv-view-3c0b98cdd1 .pt-cv-readmore  { font-family: 'Open Sans', Arial, serif !important; font-size: 17px !important; line-height: 1.3 !important; color: #1e73be !important; }\n#pt-cv-view-3c0b98cdd1 .pt-cv-tao  { font-size: 20px !important; line-height: 1.3 !important; }<\/style>\r\n\t\t\t<link href='\/\/fonts.googleapis.com\/css?family=Open+Sans' rel='stylesheet' type='text\/css'>\n","protected":false},"excerpt":{"rendered":"","protected":false},"author":2,"featured_media":354,"parent":0,"menu_order":0,"comment_status":"open","ping_status":"open","template":"","meta":{"_acf_changed":false,"_genesis_hide_title":false,"_genesis_hide_breadcrumbs":false,"_genesis_hide_singular_image":false,"_genesis_hide_footer_widgets":false,"_genesis_custom_body_class":"","_genesis_custom_post_class":"","_genesis_layout":"","yasr_overall_rating":0,"yasr_post_is_review":"","yasr_auto_insert_disabled":"","yasr_review_type":"","footnotes":""},"ort":[],"region":[],"class_list":{"0":"post-256","1":"page","2":"type-page","3":"status-publish","4":"has-post-thumbnail","6":"entry"},"yasr_visitor_votes":{"stars_attributes":{"read_only":false,"span_bottom":false},"number_of_votes":0,"sum_votes":0},"acf":[],"featured_image_src":"https:\/\/www.cenote.org\/fotos\/Cenote-Mucuyche.jpg","featured_image_src_square":"https:\/\/www.cenote.org\/fotos\/Cenote-Mucuyche.jpg","_links":{"self":[{"href":"https:\/\/www.cenote.org\/es\/wp-json\/wp\/v2\/pages\/256","targetHints":{"allow":["GET"]}}],"collection":[{"href":"https:\/\/www.cenote.org\/es\/wp-json\/wp\/v2\/pages"}],"about":[{"href":"https:\/\/www.cenote.org\/es\/wp-json\/wp\/v2\/types\/page"}],"author":[{"embeddable":true,"href":"https:\/\/www.cenote.org\/es\/wp-json\/wp\/v2\/users\/2"}],"replies":[{"embeddable":true,"href":"https:\/\/www.cenote.org\/es\/wp-json\/wp\/v2\/comments?post=256"}],"version-history":[{"count":1,"href":"https:\/\/www.cenote.org\/es\/wp-json\/wp\/v2\/pages\/256\/revisions"}],"predecessor-version":[{"id":257,"href":"https:\/\/www.cenote.org\/es\/wp-json\/wp\/v2\/pages\/256\/revisions\/257"}],"wp:featuredmedia":[{"embeddable":true,"href":"https:\/\/www.cenote.org\/es\/wp-json\/wp\/v2\/media\/354"}],"wp:attachment":[{"href":"https:\/\/www.cenote.org\/es\/wp-json\/wp\/v2\/media?parent=256"}],"wp:term":[{"taxonomy":"ort","embeddable":true,"href":"https:\/\/www.cenote.org\/es\/wp-json\/wp\/v2\/ort?post=256"},{"taxonomy":"region","embeddable":true,"href":"https:\/\/www.cenote.org\/es\/wp-json\/wp\/v2\/region?post=256"}],"curies":[{"name":"wp","href":"https:\/\/api.w.org\/{rel}","templated":true}]}}